{"id":16666,"date":"2021-01-23T18:10:05","date_gmt":"2021-01-23T21:10:05","guid":{"rendered":"https:\/\/www.idis.org.br\/?page_id=16666"},"modified":"2023-09-27T09:35:13","modified_gmt":"2023-09-27T12:35:13","slug":"advisory","status":"publish","type":"page","link":"https:\/\/www.idis.org.br\/en\/advisory\/","title":{"rendered":"Advisory"},"content":{"rendered":"<p><img decoding=\"async\" loading=\"lazy\" class=\"wp-image-18397 size-full aligncenter\" src=\"https:\/\/www.idis.org.br\/wp-content\/uploads\/2021\/04\/thumb-chat.jpg\" alt=\"\" width=\"127\" height=\"140\" \/><\/p>\n<p>We offer strategic support to families, companies and social organizations that wish to begin or improve their social investment.<\/p>\n<p>For these publics, IDIS acts in a customized and participative way in six axis:<\/p>\n","protected":false},"excerpt":{"rendered":"<p>We offer strategic support to families, companies and social organizations that wish to begin or improve their social investment. For these publics, IDIS acts in a customized and participative way in six axis:<\/p>\n","protected":false},"author":1,"featured_media":0,"parent":0,"menu_order":0,"comment_status":"closed","ping_status":"closed","template":"","meta":[],"acf":[],"yoast_head":"<!-- This site is optimized with the Yoast SEO plugin v20.7 - https:\/\/yoast.com\/wordpress\/plugins\/seo\/ -->\n<title>Consultoria a fam\u00edlias, empresas e organiza\u00e7\u00f5es sociais -<\/title>\n<meta name=\"description\" content=\"O IDIS oferece consultoria a fam\u00edlias, empresas e organiza\u00e7\u00f5es sociais em 5 frentes de atua\u00e7\u00e3o, desde o planejamento estrat\u00e9gico at\u00e9 a avalia\u00e7\u00e3o de impacto. Descubra o que o IDIS pode fazer por voc\u00ea!\" \/>\n<meta name=\"robots\" content=\"index, follow, max-snippet:-1, max-image-preview:large, max-video-preview:-1\" \/>\n<link rel=\"canonical\" href=\"https:\/\/www.idis.org.br\/en\/advisory\/\" \/>\n<meta property=\"og:locale\" content=\"pt_BR\" \/>\n<meta property=\"og:type\" content=\"article\" \/>\n<meta property=\"og:title\" content=\"Consultoria a fam\u00edlias, empresas e organiza\u00e7\u00f5es sociais -\" \/>\n<meta property=\"og:description\" content=\"O IDIS oferece consultoria a fam\u00edlias, empresas e organiza\u00e7\u00f5es sociais em 5 frentes de atua\u00e7\u00e3o, desde o planejamento estrat\u00e9gico at\u00e9 a avalia\u00e7\u00e3o de impacto. Descubra o que o IDIS pode fazer por voc\u00ea!\" \/>\n<meta property=\"og:url\" content=\"https:\/\/www.idis.org.br\/en\/advisory\/\" \/>\n<meta property=\"og:site_name\" content=\"IDIS EN\" \/>\n<meta property=\"article:modified_time\" content=\"2023-09-27T12:35:13+00:00\" \/>\n<meta property=\"og:image\" content=\"https:\/\/www.idis.org.br\/wp-content\/uploads\/2021\/04\/thumb-chat.jpg\" \/>\n<meta name=\"twitter:card\" content=\"summary_large_image\" \/>\n<meta name=\"twitter:label1\" content=\"Est. tempo de leitura\" \/>\n\t<meta name=\"twitter:data1\" content=\"1 minuto\" \/>\n<script type=\"application\/ld+json\" class=\"yoast-schema-graph\">{\"@context\":\"https:\/\/schema.org\",\"@graph\":[{\"@type\":\"WebPage\",\"@id\":\"https:\/\/www.idis.org.br\/en\/advisory\/\",\"url\":\"https:\/\/www.idis.org.br\/en\/advisory\/\",\"name\":\"Consultoria a fam\u00edlias, empresas e organiza\u00e7\u00f5es sociais -\",\"isPartOf\":{\"@id\":\"https:\/\/www.idis.org.br\/en\/#website\"},\"datePublished\":\"2021-01-23T21:10:05+00:00\",\"dateModified\":\"2023-09-27T12:35:13+00:00\",\"description\":\"O IDIS oferece consultoria a fam\u00edlias, empresas e organiza\u00e7\u00f5es sociais em 5 frentes de atua\u00e7\u00e3o, desde o planejamento estrat\u00e9gico at\u00e9 a avalia\u00e7\u00e3o de impacto. Descubra o que o IDIS pode fazer por voc\u00ea!\",\"breadcrumb\":{\"@id\":\"https:\/\/www.idis.org.br\/en\/advisory\/#breadcrumb\"},\"inLanguage\":\"pt-BR\",\"potentialAction\":[{\"@type\":\"ReadAction\",\"target\":[\"https:\/\/www.idis.org.br\/en\/advisory\/\"]}]},{\"@type\":\"BreadcrumbList\",\"@id\":\"https:\/\/www.idis.org.br\/en\/advisory\/#breadcrumb\",\"itemListElement\":[{\"@type\":\"ListItem\",\"position\":1,\"name\":\"In\u00edcio\",\"item\":\"https:\/\/www.idis.org.br\/en\/\"},{\"@type\":\"ListItem\",\"position\":2,\"name\":\"Advisory\"}]},{\"@type\":\"WebSite\",\"@id\":\"https:\/\/www.idis.org.br\/en\/#website\",\"url\":\"https:\/\/www.idis.org.br\/en\/\",\"name\":\"IDIS EN\",\"description\":\"\",\"potentialAction\":[{\"@type\":\"SearchAction\",\"target\":{\"@type\":\"EntryPoint\",\"urlTemplate\":\"https:\/\/www.idis.org.br\/en\/?s={search_term_string}\"},\"query-input\":\"required name=search_term_string\"}],\"inLanguage\":\"pt-BR\"}]}<\/script>\n<!-- \/ Yoast SEO plugin. -->","yoast_head_json":{"title":"Consultoria a fam\u00edlias, empresas e organiza\u00e7\u00f5es sociais -","description":"O IDIS oferece consultoria a fam\u00edlias, empresas e organiza\u00e7\u00f5es sociais em 5 frentes de atua\u00e7\u00e3o, desde o planejamento estrat\u00e9gico at\u00e9 a avalia\u00e7\u00e3o de impacto. Descubra o que o IDIS pode fazer por voc\u00ea!","robots":{"index":"index","follow":"follow","max-snippet":"max-snippet:-1","max-image-preview":"max-image-preview:large","max-video-preview":"max-video-preview:-1"},"canonical":"https:\/\/www.idis.org.br\/en\/advisory\/","og_locale":"pt_BR","og_type":"article","og_title":"Consultoria a fam\u00edlias, empresas e organiza\u00e7\u00f5es sociais -","og_description":"O IDIS oferece consultoria a fam\u00edlias, empresas e organiza\u00e7\u00f5es sociais em 5 frentes de atua\u00e7\u00e3o, desde o planejamento estrat\u00e9gico at\u00e9 a avalia\u00e7\u00e3o de impacto. Descubra o que o IDIS pode fazer por voc\u00ea!","og_url":"https:\/\/www.idis.org.br\/en\/advisory\/","og_site_name":"IDIS EN","article_modified_time":"2023-09-27T12:35:13+00:00","og_image":[{"url":"https:\/\/www.idis.org.br\/wp-content\/uploads\/2021\/04\/thumb-chat.jpg"}],"twitter_card":"summary_large_image","twitter_misc":{"Est. tempo de leitura":"1 minuto"},"schema":{"@context":"https:\/\/schema.org","@graph":[{"@type":"WebPage","@id":"https:\/\/www.idis.org.br\/en\/advisory\/","url":"https:\/\/www.idis.org.br\/en\/advisory\/","name":"Consultoria a fam\u00edlias, empresas e organiza\u00e7\u00f5es sociais -","isPartOf":{"@id":"https:\/\/www.idis.org.br\/en\/#website"},"datePublished":"2021-01-23T21:10:05+00:00","dateModified":"2023-09-27T12:35:13+00:00","description":"O IDIS oferece consultoria a fam\u00edlias, empresas e organiza\u00e7\u00f5es sociais em 5 frentes de atua\u00e7\u00e3o, desde o planejamento estrat\u00e9gico at\u00e9 a avalia\u00e7\u00e3o de impacto. Descubra o que o IDIS pode fazer por voc\u00ea!","breadcrumb":{"@id":"https:\/\/www.idis.org.br\/en\/advisory\/#breadcrumb"},"inLanguage":"pt-BR","potentialAction":[{"@type":"ReadAction","target":["https:\/\/www.idis.org.br\/en\/advisory\/"]}]},{"@type":"BreadcrumbList","@id":"https:\/\/www.idis.org.br\/en\/advisory\/#breadcrumb","itemListElement":[{"@type":"ListItem","position":1,"name":"In\u00edcio","item":"https:\/\/www.idis.org.br\/en\/"},{"@type":"ListItem","position":2,"name":"Advisory"}]},{"@type":"WebSite","@id":"https:\/\/www.idis.org.br\/en\/#website","url":"https:\/\/www.idis.org.br\/en\/","name":"IDIS EN","description":"","potentialAction":[{"@type":"SearchAction","target":{"@type":"EntryPoint","urlTemplate":"https:\/\/www.idis.org.br\/en\/?s={search_term_string}"},"query-input":"required name=search_term_string"}],"inLanguage":"pt-BR"}]}},"wps_subtitle":"","_links":{"self":[{"href":"https:\/\/www.idis.org.br\/en\/wp-json\/wp\/v2\/pages\/16666"}],"collection":[{"href":"https:\/\/www.idis.org.br\/en\/wp-json\/wp\/v2\/pages"}],"about":[{"href":"https:\/\/www.idis.org.br\/en\/wp-json\/wp\/v2\/types\/page"}],"author":[{"embeddable":true,"href":"https:\/\/www.idis.org.br\/en\/wp-json\/wp\/v2\/users\/1"}],"replies":[{"embeddable":true,"href":"https:\/\/www.idis.org.br\/en\/wp-json\/wp\/v2\/comments?post=16666"}],"version-history":[{"count":1,"href":"https:\/\/www.idis.org.br\/en\/wp-json\/wp\/v2\/pages\/16666\/revisions"}],"predecessor-version":[{"id":22680,"href":"https:\/\/www.idis.org.br\/en\/wp-json\/wp\/v2\/pages\/16666\/revisions\/22680"}],"wp:attachment":[{"href":"https:\/\/www.idis.org.br\/en\/wp-json\/wp\/v2\/media?parent=16666"}],"curies":[{"name":"wp","href":"https:\/\/api.w.org\/{rel}","templated":true}]}}