{"id":16668,"date":"2021-01-23T18:10:16","date_gmt":"2021-01-23T21:10:16","guid":{"rendered":"https:\/\/www.idis.org.br\/?page_id=16668"},"modified":"2025-03-13T11:20:09","modified_gmt":"2025-03-13T14:20:09","slug":"social-impact-projects","status":"publish","type":"page","link":"https:\/\/www.idis.org.br\/en\/social-impact-projects\/","title":{"rendered":"Social Impact Projects"},"content":{"rendered":"<p><img decoding=\"async\" loading=\"lazy\" class=\"wp-image-18398 size-full aligncenter\" src=\"https:\/\/www.idis.org.br\/wp-content\/uploads\/2021\/04\/thumb-flash.jpg\" alt=\"\" width=\"127\" height=\"140\" \/><\/p>\n<p>The social impact philanthropy ecosystem and that of the giving culture is composed by innumerous acting parties, with actions focused on the resolution of specific problems. At IDIS, we design and implement projects that strengthen this ecosystem, inspire action, stimulate dialogue, influence public policies and produce direct impacts on priority issues for the reduction of inequality.<\/p>\n<p>Learn more about our active projects and how to get involved.<\/p>\n<p data-wp-editing=\"1\"><a href=\"https:\/\/www.idis.org.br\/en\/social-impact-projects\/endowments\/\" target=\"_blank\" rel=\"noopener\"> \u00a0<\/a><a href=\"https:\/\/www.idis.org.br\/en\/social-impact-projects\/endowments\/\" target=\"_blank\" rel=\"noopener\"><img decoding=\"async\" loading=\"lazy\" class=\"alignnone wp-image-23731\" src=\"https:\/\/www.idis.org.br\/en\/wp-content\/uploads\/sites\/3\/2025\/02\/bola-fundos-1-150x150-1.jpg\" alt=\"\" width=\"150\" height=\"150\" \/><\/a><a href=\"https:\/\/juntospelasaude.org.br\/en\/\" target=\"_blank\" rel=\"noopener\"> \u00a0<\/a><a href=\"https:\/\/juntospelasaude.org.br\/en\/\" target=\"_blank\" rel=\"noopener\"><img decoding=\"async\" loading=\"lazy\" class=\"alignnone wp-image-23735\" src=\"https:\/\/www.idis.org.br\/en\/wp-content\/uploads\/sites\/3\/2025\/02\/bola-juntos-150x150-1.png\" alt=\"\" width=\"150\" height=\"150\" \/><\/a><a href=\"https:\/\/www.idis.org.br\/en\/social-impact-projects\/transforming-territories\/\" target=\"_blank\" rel=\"noopener\"> \u00a0<\/a><a href=\"https:\/\/www.idis.org.br\/en\/social-impact-projects\/transforming-territories\/\" target=\"_blank\" rel=\"noopener\"><img decoding=\"async\" loading=\"lazy\" class=\"alignnone wp-image-23734\" src=\"https:\/\/www.idis.org.br\/en\/wp-content\/uploads\/sites\/3\/2025\/02\/bola-transformando-1-150x150-1.png\" alt=\"\" width=\"150\" height=\"150\" \/><\/a><a href=\"https:\/\/www.idis.org.br\/en\/?page_id=17666\" target=\"_blank\" rel=\"noopener\">\u00a0<\/a><a href=\"https:\/\/www.idis.org.br\/en\/?page_id=17666\" target=\"_blank\" rel=\"noopener\"><img decoding=\"async\" loading=\"lazy\" class=\"alignnone wp-image-23733\" src=\"https:\/\/www.idis.org.br\/en\/wp-content\/uploads\/sites\/3\/2025\/02\/bola-PACTO-150x150-1.png\" alt=\"\" width=\"150\" height=\"150\" \/><\/a> <a href=\"https:\/\/compromisso1porcento.org.br\/\" target=\"_blank\" rel=\"noopener\"><img decoding=\"async\" loading=\"lazy\" class=\"alignnone wp-image-23736\" src=\"https:\/\/www.idis.org.br\/en\/wp-content\/uploads\/sites\/3\/2025\/02\/Commitment-1.png\" alt=\"\" width=\"150\" height=\"150\" srcset=\"https:\/\/www.idis.org.br\/en\/wp-content\/uploads\/sites\/3\/2025\/02\/Commitment-1.png 280w, https:\/\/www.idis.org.br\/en\/wp-content\/uploads\/sites\/3\/2025\/02\/Commitment-1-150x150.png 150w\" sizes=\"(max-width: 150px) 100vw, 150px\" \/><\/a><\/p>\n<p>Learn more about other impact projects that IDIS has <a href=\"https:\/\/www.idis.org.br\/en\/success-cases\/\" target=\"_blank\" rel=\"noopener\">developed in the past<\/a>.<\/p>\n","protected":false},"excerpt":{"rendered":"<p>The social impact philanthropy ecosystem and that of the giving culture is composed by innumerous acting parties, with actions focused on the resolution of specific problems. At IDIS, we design and implement projects that strengthen this ecosystem, inspire action, stimulate &hellip; <a href=\"https:\/\/www.idis.org.br\/en\/social-impact-projects\/\">Continue lendo <span class=\"meta-nav\">&rarr;<\/span><\/a><\/p>\n","protected":false},"author":1,"featured_media":0,"parent":0,"menu_order":0,"comment_status":"closed","ping_status":"closed","template":"","meta":[],"acf":[],"yoast_head":"<!-- This site is optimized with the Yoast SEO plugin v20.7 - https:\/\/yoast.com\/wordpress\/plugins\/seo\/ -->\n<title>Projetos de Impacto -<\/title>\n<meta name=\"description\" content=\"Conhe\u00e7a e inspire-se pelos projetos de impacto desenvolvidos pelo IDIS nas \u00e1reas de filantropia, investimento social, cultura de doa\u00e7\u00e3o, fundos patrimoniais e mais!\" \/>\n<meta name=\"robots\" content=\"index, follow, max-snippet:-1, max-image-preview:large, max-video-preview:-1\" \/>\n<link rel=\"canonical\" href=\"https:\/\/www.idis.org.br\/en\/social-impact-projects\/\" \/>\n<meta property=\"og:locale\" content=\"pt_BR\" \/>\n<meta property=\"og:type\" content=\"article\" \/>\n<meta property=\"og:title\" content=\"Projetos de Impacto -\" \/>\n<meta property=\"og:description\" content=\"Conhe\u00e7a e inspire-se pelos projetos de impacto desenvolvidos pelo IDIS nas \u00e1reas de filantropia, investimento social, cultura de doa\u00e7\u00e3o, fundos patrimoniais e mais!\" \/>\n<meta property=\"og:url\" content=\"https:\/\/www.idis.org.br\/en\/social-impact-projects\/\" \/>\n<meta property=\"og:site_name\" content=\"IDIS EN\" \/>\n<meta property=\"article:modified_time\" content=\"2025-03-13T14:20:09+00:00\" \/>\n<meta property=\"og:image\" content=\"https:\/\/www.idis.org.br\/wp-content\/uploads\/2021\/04\/thumb-flash.jpg\" \/>\n<meta name=\"twitter:card\" content=\"summary_large_image\" \/>\n<meta name=\"twitter:label1\" content=\"Est. tempo de leitura\" \/>\n\t<meta name=\"twitter:data1\" content=\"2 minutos\" \/>\n<script type=\"application\/ld+json\" class=\"yoast-schema-graph\">{\"@context\":\"https:\/\/schema.org\",\"@graph\":[{\"@type\":\"WebPage\",\"@id\":\"https:\/\/www.idis.org.br\/en\/social-impact-projects\/\",\"url\":\"https:\/\/www.idis.org.br\/en\/social-impact-projects\/\",\"name\":\"Projetos de Impacto -\",\"isPartOf\":{\"@id\":\"https:\/\/www.idis.org.br\/en\/#website\"},\"datePublished\":\"2021-01-23T21:10:16+00:00\",\"dateModified\":\"2025-03-13T14:20:09+00:00\",\"description\":\"Conhe\u00e7a e inspire-se pelos projetos de impacto desenvolvidos pelo IDIS nas \u00e1reas de filantropia, investimento social, cultura de doa\u00e7\u00e3o, fundos patrimoniais e mais!\",\"breadcrumb\":{\"@id\":\"https:\/\/www.idis.org.br\/en\/social-impact-projects\/#breadcrumb\"},\"inLanguage\":\"pt-BR\",\"potentialAction\":[{\"@type\":\"ReadAction\",\"target\":[\"https:\/\/www.idis.org.br\/en\/social-impact-projects\/\"]}]},{\"@type\":\"BreadcrumbList\",\"@id\":\"https:\/\/www.idis.org.br\/en\/social-impact-projects\/#breadcrumb\",\"itemListElement\":[{\"@type\":\"ListItem\",\"position\":1,\"name\":\"In\u00edcio\",\"item\":\"https:\/\/www.idis.org.br\/en\/\"},{\"@type\":\"ListItem\",\"position\":2,\"name\":\"Social Impact Projects\"}]},{\"@type\":\"WebSite\",\"@id\":\"https:\/\/www.idis.org.br\/en\/#website\",\"url\":\"https:\/\/www.idis.org.br\/en\/\",\"name\":\"IDIS EN\",\"description\":\"\",\"potentialAction\":[{\"@type\":\"SearchAction\",\"target\":{\"@type\":\"EntryPoint\",\"urlTemplate\":\"https:\/\/www.idis.org.br\/en\/?s={search_term_string}\"},\"query-input\":\"required name=search_term_string\"}],\"inLanguage\":\"pt-BR\"}]}<\/script>\n<!-- \/ Yoast SEO plugin. -->","yoast_head_json":{"title":"Projetos de Impacto -","description":"Conhe\u00e7a e inspire-se pelos projetos de impacto desenvolvidos pelo IDIS nas \u00e1reas de filantropia, investimento social, cultura de doa\u00e7\u00e3o, fundos patrimoniais e mais!","robots":{"index":"index","follow":"follow","max-snippet":"max-snippet:-1","max-image-preview":"max-image-preview:large","max-video-preview":"max-video-preview:-1"},"canonical":"https:\/\/www.idis.org.br\/en\/social-impact-projects\/","og_locale":"pt_BR","og_type":"article","og_title":"Projetos de Impacto -","og_description":"Conhe\u00e7a e inspire-se pelos projetos de impacto desenvolvidos pelo IDIS nas \u00e1reas de filantropia, investimento social, cultura de doa\u00e7\u00e3o, fundos patrimoniais e mais!","og_url":"https:\/\/www.idis.org.br\/en\/social-impact-projects\/","og_site_name":"IDIS EN","article_modified_time":"2025-03-13T14:20:09+00:00","og_image":[{"url":"https:\/\/www.idis.org.br\/wp-content\/uploads\/2021\/04\/thumb-flash.jpg"}],"twitter_card":"summary_large_image","twitter_misc":{"Est. tempo de leitura":"2 minutos"},"schema":{"@context":"https:\/\/schema.org","@graph":[{"@type":"WebPage","@id":"https:\/\/www.idis.org.br\/en\/social-impact-projects\/","url":"https:\/\/www.idis.org.br\/en\/social-impact-projects\/","name":"Projetos de Impacto -","isPartOf":{"@id":"https:\/\/www.idis.org.br\/en\/#website"},"datePublished":"2021-01-23T21:10:16+00:00","dateModified":"2025-03-13T14:20:09+00:00","description":"Conhe\u00e7a e inspire-se pelos projetos de impacto desenvolvidos pelo IDIS nas \u00e1reas de filantropia, investimento social, cultura de doa\u00e7\u00e3o, fundos patrimoniais e mais!","breadcrumb":{"@id":"https:\/\/www.idis.org.br\/en\/social-impact-projects\/#breadcrumb"},"inLanguage":"pt-BR","potentialAction":[{"@type":"ReadAction","target":["https:\/\/www.idis.org.br\/en\/social-impact-projects\/"]}]},{"@type":"BreadcrumbList","@id":"https:\/\/www.idis.org.br\/en\/social-impact-projects\/#breadcrumb","itemListElement":[{"@type":"ListItem","position":1,"name":"In\u00edcio","item":"https:\/\/www.idis.org.br\/en\/"},{"@type":"ListItem","position":2,"name":"Social Impact Projects"}]},{"@type":"WebSite","@id":"https:\/\/www.idis.org.br\/en\/#website","url":"https:\/\/www.idis.org.br\/en\/","name":"IDIS EN","description":"","potentialAction":[{"@type":"SearchAction","target":{"@type":"EntryPoint","urlTemplate":"https:\/\/www.idis.org.br\/en\/?s={search_term_string}"},"query-input":"required name=search_term_string"}],"inLanguage":"pt-BR"}]}},"wps_subtitle":"","_links":{"self":[{"href":"https:\/\/www.idis.org.br\/en\/wp-json\/wp\/v2\/pages\/16668"}],"collection":[{"href":"https:\/\/www.idis.org.br\/en\/wp-json\/wp\/v2\/pages"}],"about":[{"href":"https:\/\/www.idis.org.br\/en\/wp-json\/wp\/v2\/types\/page"}],"author":[{"embeddable":true,"href":"https:\/\/www.idis.org.br\/en\/wp-json\/wp\/v2\/users\/1"}],"replies":[{"embeddable":true,"href":"https:\/\/www.idis.org.br\/en\/wp-json\/wp\/v2\/comments?post=16668"}],"version-history":[{"count":7,"href":"https:\/\/www.idis.org.br\/en\/wp-json\/wp\/v2\/pages\/16668\/revisions"}],"predecessor-version":[{"id":23848,"href":"https:\/\/www.idis.org.br\/en\/wp-json\/wp\/v2\/pages\/16668\/revisions\/23848"}],"wp:attachment":[{"href":"https:\/\/www.idis.org.br\/en\/wp-json\/wp\/v2\/media?parent=16668"}],"curies":[{"name":"wp","href":"https:\/\/api.w.org\/{rel}","templated":true}]}}