{"id":17663,"date":"2021-03-19T12:30:30","date_gmt":"2021-03-19T15:30:30","guid":{"rendered":"https:\/\/www.idis.org.br\/?page_id=17663"},"modified":"2025-02-07T14:36:35","modified_gmt":"2025-02-07T17:36:35","slug":"endowments","status":"publish","type":"page","link":"https:\/\/www.idis.org.br\/en\/social-impact-projects\/endowments\/","title":{"rendered":"Endowments"},"content":{"rendered":"<p>Endowment Funds are created to receive donations destined to <span style=\"color: #df2455\"><strong>support causes or specific organizations<\/strong><\/span>. In general, the resources received stay in the fund, in financial investments, and only the earnings are periodically withdrawn to fund the operation or growth of social, educational, health, environmental, cultural organizations and other public interest causes \u2013 partially or wholly.<\/p>\n<p>This is an important mechanism for the preservation of the donation, and guarantees resources will be available in the long run for public interest causes.<\/p>\n<p>For decades endowments have been a mechanism that are increasingly used and successful for the mobilization of philanthropic resources in many countries. In Brazil, IDIS leads an advocacy initiative, working in network to promote the development of endowment funds. <span style=\"color: #df2455\"><strong><a style=\"color: #df2455\" href=\"https:\/\/www.idis.org.br\/coalizao\/\" target=\"_blank\" rel=\"noopener\">The Brazilian Endowment Coalition<\/a><\/strong><\/span> is a multisectoral group composed by over 120 members, among organizations, companies and people who support the regulation of endowment funds in the country. In January 2019, the group accomplished precisely that through Law 13,800\/2019, known as the Endowment Fund Law, but we still seek the deepening of more specific matters.<\/p>\n<h2 style=\"text-align: left;padding-left: 80px\"><span style=\"color: #df2455\"><strong>Get to know the Brazilian Endowments Outlook<\/strong><\/span><\/h2>\n<p><a href=\"https:\/\/www.idis.org.br\/en\/wp-content\/uploads\/sites\/3\/2022\/08\/Panorama_ENG_2.pdf\" target=\"_blank\" rel=\"noopener\"><img decoding=\"async\" loading=\"lazy\" class=\"aligncenter wp-image-22067\" title=\"https:\/\/www.idis.org.br\/en\/wp-content\/uploads\/sites\/3\/2022\/08\/Panorama_ENG_2.pdf\" src=\"https:\/\/www.idis.org.br\/en\/wp-content\/uploads\/sites\/3\/2023\/03\/Copia-de-Capa_Artigos_PesquisaVoluntariado-300x300.png\" alt=\"\" width=\"234\" height=\"234\" srcset=\"https:\/\/www.idis.org.br\/en\/wp-content\/uploads\/sites\/3\/2023\/03\/Copia-de-Capa_Artigos_PesquisaVoluntariado-300x300.png 300w, https:\/\/www.idis.org.br\/en\/wp-content\/uploads\/sites\/3\/2023\/03\/Copia-de-Capa_Artigos_PesquisaVoluntariado-150x150.png 150w, https:\/\/www.idis.org.br\/en\/wp-content\/uploads\/sites\/3\/2023\/03\/Copia-de-Capa_Artigos_PesquisaVoluntariado.png 320w\" sizes=\"(max-width: 234px) 100vw, 234px\" \/><\/a><\/p>\n<p><span style=\"color: #2c479e\"><strong>Also get to know:<\/strong><\/span><\/p>\n<p><a href=\"https:\/\/www.idis.org.br\/en\/about\/promoting-philanthropy-endowment\/\" target=\"_blank\" rel=\"noopener\"><img decoding=\"async\" loading=\"lazy\" class=\"alignleft wp-image-23725\" src=\"https:\/\/www.idis.org.br\/en\/wp-content\/uploads\/sites\/3\/2025\/02\/Logo_FundoIDIS_PositiveColor_ENG-1024x310.png\" alt=\"\" width=\"436\" height=\"132\" srcset=\"https:\/\/www.idis.org.br\/en\/wp-content\/uploads\/sites\/3\/2025\/02\/Logo_FundoIDIS_PositiveColor_ENG-1024x310.png 1024w, https:\/\/www.idis.org.br\/en\/wp-content\/uploads\/sites\/3\/2025\/02\/Logo_FundoIDIS_PositiveColor_ENG-300x91.png 300w, https:\/\/www.idis.org.br\/en\/wp-content\/uploads\/sites\/3\/2025\/02\/Logo_FundoIDIS_PositiveColor_ENG-768x233.png 768w, https:\/\/www.idis.org.br\/en\/wp-content\/uploads\/sites\/3\/2025\/02\/Logo_FundoIDIS_PositiveColor_ENG-1536x465.png 1536w, https:\/\/www.idis.org.br\/en\/wp-content\/uploads\/sites\/3\/2025\/02\/Logo_FundoIDIS_PositiveColor_ENG-2048x620.png 2048w, https:\/\/www.idis.org.br\/en\/wp-content\/uploads\/sites\/3\/2025\/02\/Logo_FundoIDIS_PositiveColor_ENG-500x151.png 500w\" sizes=\"(max-width: 436px) 100vw, 436px\" \/><\/a><\/p>\n<p>&nbsp;<\/p>\n","protected":false},"excerpt":{"rendered":"<p>Endowment Funds are created to receive donations destined to support causes or specific organizations. In general, the resources received stay in the fund, in financial investments, and only the earnings are periodically withdrawn to fund the operation or growth of &hellip; <a href=\"https:\/\/www.idis.org.br\/en\/social-impact-projects\/endowments\/\">Continue lendo <span class=\"meta-nav\">&rarr;<\/span><\/a><\/p>\n","protected":false},"author":1,"featured_media":21273,"parent":16668,"menu_order":0,"comment_status":"closed","ping_status":"closed","template":"page-modelo-projetos.php","meta":[],"acf":[],"yoast_head":"<!-- This site is optimized with the Yoast SEO plugin v20.7 - https:\/\/yoast.com\/wordpress\/plugins\/seo\/ -->\n<title>Fundos Patrimoniais Filantr\u00f3picos -<\/title>\n<meta name=\"description\" content=\"Fundos Patrimoniais Filantr\u00f3picos ou Endownment Funds s\u00e3o criados para receber doa\u00e7\u00f5es destinadas a sustentar causas ou organiza\u00e7\u00f5es espec\u00edficas. Saiba mais!\" \/>\n<meta name=\"robots\" content=\"index, follow, max-snippet:-1, max-image-preview:large, max-video-preview:-1\" \/>\n<link rel=\"canonical\" href=\"https:\/\/www.idis.org.br\/en\/social-impact-projects\/endowments\/\" \/>\n<meta property=\"og:locale\" content=\"pt_BR\" \/>\n<meta property=\"og:type\" content=\"article\" \/>\n<meta property=\"og:title\" content=\"Fundos Patrimoniais Filantr\u00f3picos -\" \/>\n<meta property=\"og:description\" content=\"Fundos Patrimoniais Filantr\u00f3picos ou Endownment Funds s\u00e3o criados para receber doa\u00e7\u00f5es destinadas a sustentar causas ou organiza\u00e7\u00f5es espec\u00edficas. Saiba mais!\" \/>\n<meta property=\"og:url\" content=\"https:\/\/www.idis.org.br\/en\/social-impact-projects\/endowments\/\" \/>\n<meta property=\"og:site_name\" content=\"IDIS EN\" \/>\n<meta property=\"article:modified_time\" content=\"2025-02-07T17:36:35+00:00\" \/>\n<meta property=\"og:image\" content=\"https:\/\/www.idis.org.br\/en\/wp-content\/uploads\/sites\/3\/2021\/11\/P_FOTO-ANDRE-TELLES-7777-BNDES-FUNDO-PATRIMONIAIS-LANC-LIVRO-13-FEV-2020-2048x1011-1.jpg\" \/>\n\t<meta property=\"og:image:width\" content=\"2048\" \/>\n\t<meta property=\"og:image:height\" content=\"1011\" \/>\n\t<meta property=\"og:image:type\" content=\"image\/jpeg\" \/>\n<meta name=\"twitter:card\" content=\"summary_large_image\" \/>\n<meta name=\"twitter:label1\" content=\"Est. tempo de leitura\" \/>\n\t<meta name=\"twitter:data1\" content=\"2 minutos\" \/>\n<script type=\"application\/ld+json\" class=\"yoast-schema-graph\">{\"@context\":\"https:\/\/schema.org\",\"@graph\":[{\"@type\":\"WebPage\",\"@id\":\"https:\/\/www.idis.org.br\/en\/social-impact-projects\/endowments\/\",\"url\":\"https:\/\/www.idis.org.br\/en\/social-impact-projects\/endowments\/\",\"name\":\"Fundos Patrimoniais Filantr\u00f3picos -\",\"isPartOf\":{\"@id\":\"https:\/\/www.idis.org.br\/en\/#website\"},\"datePublished\":\"2021-03-19T15:30:30+00:00\",\"dateModified\":\"2025-02-07T17:36:35+00:00\",\"description\":\"Fundos Patrimoniais Filantr\u00f3picos ou Endownment Funds s\u00e3o criados para receber doa\u00e7\u00f5es destinadas a sustentar causas ou organiza\u00e7\u00f5es espec\u00edficas. Saiba mais!\",\"breadcrumb\":{\"@id\":\"https:\/\/www.idis.org.br\/en\/social-impact-projects\/endowments\/#breadcrumb\"},\"inLanguage\":\"pt-BR\",\"potentialAction\":[{\"@type\":\"ReadAction\",\"target\":[\"https:\/\/www.idis.org.br\/en\/social-impact-projects\/endowments\/\"]}]},{\"@type\":\"BreadcrumbList\",\"@id\":\"https:\/\/www.idis.org.br\/en\/social-impact-projects\/endowments\/#breadcrumb\",\"itemListElement\":[{\"@type\":\"ListItem\",\"position\":1,\"name\":\"In\u00edcio\",\"item\":\"https:\/\/www.idis.org.br\/en\/\"},{\"@type\":\"ListItem\",\"position\":2,\"name\":\"Social Impact Projects\",\"item\":\"https:\/\/www.idis.org.br\/en\/social-impact-projects\/\"},{\"@type\":\"ListItem\",\"position\":3,\"name\":\"Endowments\"}]},{\"@type\":\"WebSite\",\"@id\":\"https:\/\/www.idis.org.br\/en\/#website\",\"url\":\"https:\/\/www.idis.org.br\/en\/\",\"name\":\"IDIS EN\",\"description\":\"\",\"potentialAction\":[{\"@type\":\"SearchAction\",\"target\":{\"@type\":\"EntryPoint\",\"urlTemplate\":\"https:\/\/www.idis.org.br\/en\/?s={search_term_string}\"},\"query-input\":\"required name=search_term_string\"}],\"inLanguage\":\"pt-BR\"}]}<\/script>\n<!-- \/ Yoast SEO plugin. -->","yoast_head_json":{"title":"Fundos Patrimoniais Filantr\u00f3picos -","description":"Fundos Patrimoniais Filantr\u00f3picos ou Endownment Funds s\u00e3o criados para receber doa\u00e7\u00f5es destinadas a sustentar causas ou organiza\u00e7\u00f5es espec\u00edficas. Saiba mais!","robots":{"index":"index","follow":"follow","max-snippet":"max-snippet:-1","max-image-preview":"max-image-preview:large","max-video-preview":"max-video-preview:-1"},"canonical":"https:\/\/www.idis.org.br\/en\/social-impact-projects\/endowments\/","og_locale":"pt_BR","og_type":"article","og_title":"Fundos Patrimoniais Filantr\u00f3picos -","og_description":"Fundos Patrimoniais Filantr\u00f3picos ou Endownment Funds s\u00e3o criados para receber doa\u00e7\u00f5es destinadas a sustentar causas ou organiza\u00e7\u00f5es espec\u00edficas. Saiba mais!","og_url":"https:\/\/www.idis.org.br\/en\/social-impact-projects\/endowments\/","og_site_name":"IDIS EN","article_modified_time":"2025-02-07T17:36:35+00:00","og_image":[{"width":2048,"height":1011,"url":"https:\/\/www.idis.org.br\/en\/wp-content\/uploads\/sites\/3\/2021\/11\/P_FOTO-ANDRE-TELLES-7777-BNDES-FUNDO-PATRIMONIAIS-LANC-LIVRO-13-FEV-2020-2048x1011-1.jpg","type":"image\/jpeg"}],"twitter_card":"summary_large_image","twitter_misc":{"Est. tempo de leitura":"2 minutos"},"schema":{"@context":"https:\/\/schema.org","@graph":[{"@type":"WebPage","@id":"https:\/\/www.idis.org.br\/en\/social-impact-projects\/endowments\/","url":"https:\/\/www.idis.org.br\/en\/social-impact-projects\/endowments\/","name":"Fundos Patrimoniais Filantr\u00f3picos -","isPartOf":{"@id":"https:\/\/www.idis.org.br\/en\/#website"},"datePublished":"2021-03-19T15:30:30+00:00","dateModified":"2025-02-07T17:36:35+00:00","description":"Fundos Patrimoniais Filantr\u00f3picos ou Endownment Funds s\u00e3o criados para receber doa\u00e7\u00f5es destinadas a sustentar causas ou organiza\u00e7\u00f5es espec\u00edficas. Saiba mais!","breadcrumb":{"@id":"https:\/\/www.idis.org.br\/en\/social-impact-projects\/endowments\/#breadcrumb"},"inLanguage":"pt-BR","potentialAction":[{"@type":"ReadAction","target":["https:\/\/www.idis.org.br\/en\/social-impact-projects\/endowments\/"]}]},{"@type":"BreadcrumbList","@id":"https:\/\/www.idis.org.br\/en\/social-impact-projects\/endowments\/#breadcrumb","itemListElement":[{"@type":"ListItem","position":1,"name":"In\u00edcio","item":"https:\/\/www.idis.org.br\/en\/"},{"@type":"ListItem","position":2,"name":"Social Impact Projects","item":"https:\/\/www.idis.org.br\/en\/social-impact-projects\/"},{"@type":"ListItem","position":3,"name":"Endowments"}]},{"@type":"WebSite","@id":"https:\/\/www.idis.org.br\/en\/#website","url":"https:\/\/www.idis.org.br\/en\/","name":"IDIS EN","description":"","potentialAction":[{"@type":"SearchAction","target":{"@type":"EntryPoint","urlTemplate":"https:\/\/www.idis.org.br\/en\/?s={search_term_string}"},"query-input":"required name=search_term_string"}],"inLanguage":"pt-BR"}]}},"wps_subtitle":"","_links":{"self":[{"href":"https:\/\/www.idis.org.br\/en\/wp-json\/wp\/v2\/pages\/17663"}],"collection":[{"href":"https:\/\/www.idis.org.br\/en\/wp-json\/wp\/v2\/pages"}],"about":[{"href":"https:\/\/www.idis.org.br\/en\/wp-json\/wp\/v2\/types\/page"}],"author":[{"embeddable":true,"href":"https:\/\/www.idis.org.br\/en\/wp-json\/wp\/v2\/users\/1"}],"replies":[{"embeddable":true,"href":"https:\/\/www.idis.org.br\/en\/wp-json\/wp\/v2\/comments?post=17663"}],"version-history":[{"count":15,"href":"https:\/\/www.idis.org.br\/en\/wp-json\/wp\/v2\/pages\/17663\/revisions"}],"predecessor-version":[{"id":23730,"href":"https:\/\/www.idis.org.br\/en\/wp-json\/wp\/v2\/pages\/17663\/revisions\/23730"}],"up":[{"embeddable":true,"href":"https:\/\/www.idis.org.br\/en\/wp-json\/wp\/v2\/pages\/16668"}],"wp:featuredmedia":[{"embeddable":true,"href":"https:\/\/www.idis.org.br\/en\/wp-json\/wp\/v2\/media\/21273"}],"wp:attachment":[{"href":"https:\/\/www.idis.org.br\/en\/wp-json\/wp\/v2\/media?parent=17663"}],"curies":[{"name":"wp","href":"https:\/\/api.w.org\/{rel}","templated":true}]}}