{"id":14,"date":"2018-06-03T21:02:37","date_gmt":"2018-06-04T00:02:37","guid":{"rendered":"https:\/\/www.idis.org.br\/forumwp\/?page_id=14"},"modified":"2026-04-15T10:35:11","modified_gmt":"2026-04-15T13:35:11","slug":"biblioteca","status":"publish","type":"page","link":"https:\/\/www.idis.org.br\/forum\/biblioteca\/","title":{"rendered":"Biblioteca"},"content":{"rendered":"<h2><span style=\"color: #2c479e\">Sociedade<\/span><\/h2>\n<p>Pesquisa | <a href=\"https:\/\/www.obrasilqueobrasilquerser.com.br\/\" target=\"_blank\" rel=\"noopener\">O que o Brasil quer ser<\/a><br \/>\nMovimento | <a href=\"https:\/\/www.beinghuman.day\/\" target=\"_blank\" rel=\"noopener\">Being Human<\/a><br \/>\nLivro | O car\u00e1ter educativo do movimento ind\u00edgena brasileiro (1970-1990) de Daniel Munduruku<\/p>\n<h2><span style=\"color: #f37043\"><span style=\"color: #2c479e\">Tecnologia<\/span><br \/>\n<\/span><\/h2>\n<p>Artigo | <a href=\"https:\/\/www.idis.org.br\/inteligencia-artificial-pode-alavancar-mudancas-socioambientais-positivas\/\" target=\"_blank\" rel=\"noopener\">Intelig\u00eancia artificial pode alavancar mudan\u00e7as socioambientais positivas<\/a><\/p>\n<h2><span style=\"color: #2c479e\">Filantropia e Investimento Social Privado<\/span><\/h2>\n<p>Publica\u00e7\u00e3o | <a href=\"https:\/\/www.idis.org.br\/perspectivas-para-a-filantropia-no-brasil-2025-destaca-respostas-a-emergencias-e-saude-mental-no-terceiro-setor\/\" target=\"_blank\" rel=\"noopener\">Perspectivas da Filantropia no Brasil 2025<\/a><br \/>\nPublica\u00e7\u00e3o | <a href=\"https:\/\/www.idis.org.br\/publicacoesidis\/caminhos-para-uma-atuacao-mais-estrategica-e-ampla-da-filantropia-familiar-brasileira\/\" target=\"_blank\" rel=\"noopener\">Caminhos para uma atua\u00e7\u00e3o mais estrat\u00e9gica e ampla da filantropia familiar brasileira<\/a><br \/>\nArtigo | <a href=\"https:\/\/www.idis.org.br\/a-filantropia-como-chave-para-resposta-as-tragedias-anunciadas\/\" target=\"_blank\" rel=\"noopener\">A filantropia como chave para resposta \u00e0s trag\u00e9dias anunciadas\u00a0<\/a><br \/>\nEstudo | <a href=\"https:\/\/www.idis.org.br\/niveis-recordes-de-generosidade-global-brasil-ocupa-a-86a-posicao\/\" target=\"_blank\" rel=\"noopener\">N\u00edveis recordes de generosidade global: Brasil ocupa a 86\u00aa posi\u00e7\u00e3o, com Indon\u00e9sia liderando o ranking<\/a><br \/>\n<span style=\"font-weight: 400\">Publica\u00e7\u00e3o | <a href=\"https:\/\/sinapse.gife.org.br\/download\/no-strings-attached-making-sense-of-flexible-financing-in-philanthropy-2\" target=\"_blank\" rel=\"noopener\">No strings attached? Making sense of flexible financing in philanthropy\u00a0<\/a><\/span><br \/>\nArtigo | <a href=\"https:\/\/www.idis.org.br\/por-que-e-importante-que-o-terceiro-setor-brasileiro-se-comunique-com-a-geracao-z\/\" target=\"_blank\" rel=\"noopener\">Por que \u00e9 importante que o terceiro setor se comunique com a Gera\u00e7\u00e3o Z? | Pesquisa Doa\u00e7\u00e3o Brasil 2022<\/a><br \/>\nEstudo | <a href=\"https:\/\/www.idis.org.br\/pesquisa-global-revela-percepcao-sobre-o-uso-de-inteligencia-artificial-por-ongs\/\" target=\"_blank\" rel=\"noopener\">Pesquisa global revela percep\u00e7\u00e3o sobre o uso de Intelig\u00eancia Artificial por ONGs<\/a><br \/>\nPublica\u00e7\u00e3o | <a href=\"https:\/\/www.idis.org.br\/publicacoesidis\/arquetipos-da-filantropia-nova-ferramenta-para-analise-estrategica\/\" target=\"_blank\" rel=\"noopener\">Arqu\u00e9tipos da Filantropia: Nova Ferramenta para An\u00e1lise Estrat\u00e9gica<\/a><\/p>\n<h2><span style=\"color: #2c479e\">Mecanismos de sustentabilidade financeira<\/span><\/h2>\n<p>Artigo | <a href=\"https:\/\/www.idis.org.br\/crise-em-harvard-mostra-como-fundos-patrimoniais-blindam-universidades\/\" target=\"_blank\" rel=\"noopener\">Crise em Harvard mostra como fundos patrimoniais blindam universidades<\/a><br \/>\nArtigo | <a href=\"https:\/\/www.idis.org.br\/matchfunding-um-modelo-de-financiamento-que-alavanca-recursos-e-amplia-impacto\/\" target=\"_blank\" rel=\"noopener\">Matchfunding: um modelo de financiamento que alavanca recursos e amplia impacto<\/a><br \/>\nArtigo | <a href=\"https:\/\/www.idis.org.br\/compliance-no-investimento-social-privado-etica-e-transparencia-em-foco\/\" target=\"_blank\" rel=\"noopener\">Compliance no Investimento Social Privado: \u00e9tica e transpar\u00eancia em foco<\/a><br \/>\n<a href=\"https:\/\/www.idis.org.br\/coalizao\/\" target=\"_blank\" rel=\"noopener\">Coaliz\u00e3o Pelos Fundos Patrimoniais Filantr\u00f3picos<\/a><br \/>\nArtigo | <a href=\"https:\/\/www.idis.org.br\/estrategias-de-grantmaking-qual-a-mais-adequada-para-minha-organizacao\/\" target=\"_blank\" rel=\"noopener\">Estrat\u00e9gias de Grantmaking: qual a mais adequada para minha organiza\u00e7\u00e3o?\u00a0<\/a><br \/>\nArtigo | <a href=\"https:\/\/www.idis.org.br\/governanca-elemento-chave-para-a-gestao-de-fundos-patrimoniais\/\" target=\"_blank\" rel=\"noopener\">Governan\u00e7a: elemento-chave para a gest\u00e3o de Fundos Patrimoniais<\/a><br \/>\nArtigo | <a href=\"https:\/\/www.idis.org.br\/uma-nova-fronteira-para-os-endowments-brasileiros\/\" target=\"_blank\" rel=\"noopener\">Uma nova fronteira para os <em>endowments<\/em> brasileiros<\/a><br \/>\nArtigo | <a href=\"https:\/\/www.idis.org.br\/fundos-patrimoniais-desafios-e-beneficios-da-lei-13-80019\/\">Fundos Patrimoniais: desafios e benef\u00edcios da Lei 13.800\/19<\/a><br \/>\nNot\u00edcia | <a href=\"https:\/\/www.correiobraziliense.com.br\/politica\/2024\/04\/6835482-terceiro-setor-busca-apoio-do-senado-para-criar-incentivo-fiscal-em-doacoes.html\" target=\"_blank\" rel=\"noopener\">Terceiro setor busca apoio do Senado para criar incentivo fiscal em doa\u00e7\u00f5es<\/a><br \/>\nLivro | <a href=\"https:\/\/www.idis.org.br\/publicacoesidis\/fundos-patrimoniais-filantropicos-sustentabilidade-para-causas-e-organizacoes\/\" target=\"_blank\" rel=\"noopener\">Fundos Patrimoniais Filantr\u00f3picos: sustentabilidade para causas e organiza\u00e7\u00f5es<\/a><\/p>\n<h2><span style=\"color: #f37043\"><span style=\"color: #2c479e\">ESG<\/span><br \/>\n<\/span><\/h2>\n<p>Artigo | <a href=\"https:\/\/www.idis.org.br\/a-transformacao-que-1-pode-causar\/\" target=\"_blank\" rel=\"noopener\">A transforma\u00e7\u00e3o que 1% pode causar\u00a0<\/a><br \/>\nPublica\u00e7\u00e3o | <a href=\"https:\/\/www.c40knowledgehub.org\/s\/article\/Good-green-jobs-and-labour-migration-Opportunities-for-urban-leaders?language=en_US\" target=\"_blank\" rel=\"noopener\">Good green jobs and labour migration: Opportunities for urban leaders\u00a0<\/a><br \/>\n<a href=\"https:\/\/cop30.br\/pt-br\/noticias-da-cop30\/boletim-cop30\" target=\"_blank\" rel=\"noopener\">Boletim da COP30\u00a0<\/a><\/p>\n<p>Publica\u00e7\u00e3o | <a href=\"https:\/\/www.idis.org.br\/estudo-aponta-correlacao-entre-boas-praticas-de-investimento-social-privado-e-agenda-esg\/\">Investimento Social Privado: estrat\u00e9gias que alavancam a agenda ESG<\/a><br \/>\nArtigo | <a href=\"https:\/\/www.idis.org.br\/o-que-e-esg-e-como-ele-se-relaciona-com-o-investimento-social-privado\/\" target=\"_blank\" rel=\"noopener\">O que \u00e9 ESG e como ele se relaciona com o Investimento Social Privado?<\/a><br \/>\nS\u00e9rie | \u00a0<a href=\"https:\/\/www.idis.org.br\/serie-o-investimento-social-privado-e-agenda-esg-sinergias-e-aprendizados\/\" target=\"_blank\" rel=\"noopener\">O Investimento Social Privado e Agenda ESG: sinergias e aprendizados<\/a><br \/>\nNota t\u00e9cnica | <a href=\"https:\/\/www.idis.org.br\/esg-e-o-s-brasileiro\/\" target=\"_blank\" rel=\"noopener\">ESG e o &#8216;S&#8217; brasileiro<\/a><br \/>\nArtigo | <a href=\"https:\/\/www.idis.org.br\/o-s-do-esg-brasileiro-nao-ira-evoluir-sem-dialogar-com-a-sociedade-civil-organizada\/\" target=\"_blank\" rel=\"noopener\">O \u2018S\u2019 do ESG brasileiro n\u00e3o ir\u00e1 evoluir sem dialogar com a sociedade civil organizada<\/a><\/p>\n<h2><span style=\"color: #2c479e\">Avalia\u00e7\u00e3o de Impacto<\/span><\/h2>\n<p>Artigo | <a href=\"https:\/\/www.idis.org.br\/valoracao-do-impacto-social-impulsiona-o-s-do-esg\/\">Valora\u00e7\u00e3o do impacto social impulsiona o \u201cS\u201d do ESG<\/a><br \/>\nArtigo | <a href=\"https:\/\/rme.net.br\/projeto-sem-avaliacao-e-barco-a-deriva\/\" target=\"_blank\" rel=\"noopener\">Projeto, sem avalia\u00e7\u00e3o, \u00e9 barco \u00e0 deriva\u00a0<\/a><br \/>\nNota T\u00e9cnica | <a href=\"https:\/\/www.idis.org.br\/nota-tecnica-avaliacao-custo-beneficio\/\">Nota t\u00e9cnica: Avalia\u00e7\u00e3o Custo Benef\u00edcio<\/a><br \/>\nPublica\u00e7\u00e3o | <a href=\"https:\/\/www.idis.org.br\/publicacoesidis\/avaliacao-de-impacto-social-metodologias-e-reflexoes\/\">Avalia\u00e7\u00e3o de Impacto Social \u2013 metodologias e reflex\u00f5es<\/a><br \/>\nNota t\u00e9cnica | <a href=\"https:\/\/www.idis.org.br\/nota-tecnica-a-diferenca-de-impacto-no-desenho-e-na-avaliacao-dos-projetos-sociais\/\" target=\"_blank\" rel=\"noopener\">A diferen\u00e7a de \u2018impacto\u2019 no desenho e na avalia\u00e7\u00e3o dos projetos sociais<\/a><br \/>\nArtigo | <a href=\"https:\/\/www.idis.org.br\/protocolo-sroi-quando-e-como-utilizar\/\" target=\"_blank\" rel=\"noopener\">Protocolo SROI: quando utilizar e como interpretar o \u00edndice monet\u00e1rio da avalia\u00e7\u00e3o de impacto<\/a><\/p>\n<h2><span style=\"color: #2c479e\">Filantropia comunit\u00e1ria<\/span><\/h2>\n<p>Webs\u00e9rie | <a href=\"https:\/\/www.youtube.com\/playlist?list=PLvLWaKLzNd4rhLnXS9GNKvSD8cruVo-4W\" target=\"_blank\" rel=\"noopener\">Transformando Territ\u00f3rios<\/a><br \/>\nArtigo | <a href=\"https:\/\/ssir.com.br\/edicao-digital-11\/\" target=\"_blank\" rel=\"noopener\">Para cada territ\u00f3rio, uma solu\u00e7\u00e3o: pr\u00e1ticas para funda\u00e7\u00f5es e institutos comunit\u00e1rios no Brasil &#8211; SSIR Brasil<\/a><br \/>\nPublica\u00e7\u00e3o | <a href=\"https:\/\/www.idis.org.br\/publicacoesidis\/como-criar-uma-fundacao-ou-um-instituto-comunitario\/\">Como criar uma funda\u00e7\u00e3o ou um instituto comunit\u00e1rio<\/a><br \/>\nPublica\u00e7\u00e3o | <a href=\"https:\/\/disasterphilanthropy.org\/disaster-philanthropy-playbook\/\" target=\"_blank\" rel=\"noopener\">Disaster Philanthropy Playbook\u00a0<\/a><br \/>\nArtigo | <a href=\"https:\/\/www.idis.org.br\/voce-ja-ouviu-falar-em-institutos-e-fundacoes-comunitarias\/\" target=\"_blank\" rel=\"noopener\">Voc\u00ea j\u00e1 ouviu falar em Institutos e Funda\u00e7\u00f5es Comunit\u00e1rias?\u00a0<\/a><br \/>\nV\u00eddeo | <a href=\"https:\/\/www.youtube.com\/playlist?list=PLvLWaKLzNd4rGAmbPCOnr1n24Ji93CUQr\" target=\"_blank\" rel=\"noopener\">Semin\u00e1rio Transformando Territ\u00f3rios<\/a><br \/>\nArtigo | <a href=\"https:\/\/www.idis.org.br\/guarda-chuvas-para-raios-e-cisternas-para-uma-filantropia-mais-transformadora\/\" target=\"_blank\" rel=\"noopener\">Guarda-chuvas, para-raios e cisternas para uma filantropia mais transformadora<\/a><\/p>\n<h2><span style=\"color: #2c479e\">Equidade Racial<\/span><\/h2>\n<p>Artigo | <a href=\"https:\/\/www.idis.org.br\/por-que-grupos-minorizados-precisam-participar-da-governanca-na-filantropia\/\" target=\"_blank\" rel=\"noopener\">Por que grupos minorizados precisam participar da governan\u00e7a na filantropia?\u00a0<\/a><br \/>\nPublica\u00e7\u00e3o | <a href=\"https:\/\/www.oxfam.org.br\/um-retrato-das-desigualdades-brasileiras\/10-anos-de-desafios-e-perspectivas\/\" target=\"_blank\" rel=\"noopener\">Um Retrato das Desigualdades Brasileiras: 10 Anos de Desafios e Perspectivas\u00a0<\/a><br \/>\n<a href=\"http:\/\/pactopelaequidaderacial.org.br\/index.html\" target=\"_blank\" rel=\"noopener\">Pacto de Promo\u00e7\u00e3o da Equidade Racial<\/a><br \/>\nArtigo | <a href=\"https:\/\/ssir.com.br\/equidade\/equidade-no-emprego-um-passo-fundamental-para-desmantelar-o-racismo-estrutural-no-brasil\" target=\"_blank\" rel=\"noopener\">Equidade no emprego contra o racismo estrutural no Brasil<\/a><br \/>\nPublica\u00e7\u00e3o | <a href=\"https:\/\/2025.coop\/2025\/03\/17\/new-brief-cooperatives-as-engines-of-social-justice\/\" target=\"_blank\" rel=\"noopener\">Cooperatives as Engines of Social Justice: Strengthening Solidarity, Inclusion, and Cohesion through the Cooperative Model\u00a0<\/a><\/p>\n<h2><span style=\"color: #2c479e\">Tecnologia<\/span><\/h2>\n<p>Publica\u00e7\u00e3o | <a href=\"https:\/\/ssir.com.br\/ssir-brasil-lanca-edicao-especial-sobre-inteligencia-artificial\/\" target=\"_blank\" rel=\"noopener\">Futuros poss\u00edveis: edi\u00e7\u00e3o especial da Stanford Social InnovationReview Brasil sobre intelig\u00eancia artificial<\/a><br \/>\nArtigo | <a href=\"https:\/\/www.alliancemagazine.org\/blog\/stop-funding-digital-graveyards\/\" target=\"_blank\" rel=\"noopener\">Stop funding digital graveyards &#8211; Alliance Magazine<\/a><br \/>\nReportagem | <a href=\"https:\/\/restofworld.org\/2025\/brazil-amazon-ai-healthcare-prescriptions\/\" target=\"_blank\" rel=\"noopener\">AI is making health care safer in the remote Amazon &#8211; Rest of the World<\/a><br \/>\nEvento | <a href=\"https:\/\/www.weforum.org\/stories\/2025\/01\/industries-in-the-intelligent-age-ai-tech-theme-davos-2025\/\" target=\"_blank\" rel=\"noopener\">AI, tech and the intelligent age at Davos 2025: What to know<\/a><\/p>\n<h2>Veja os v\u00eddeos de edi\u00e7\u00f5es passadas do F\u00f3rum Brasileiro de Filantropos e Investidores Sociais:<\/h2>\n<p><iframe loading=\"lazy\" title=\"O esperan\u00e7ar \u00e9 ancestral | F\u00f3rum IDIS 2025\" width=\"584\" height=\"329\" src=\"https:\/\/www.youtube.com\/embed\/OV0o36FsPfE?list=PLvLWaKLzNd4og1EITZDbE1bEYIigFosC_\" frameborder=\"0\" allow=\"accelerometer; autoplay; clipboard-write; encrypted-media; gyroscope; picture-in-picture; web-share\" referrerpolicy=\"strict-origin-when-cross-origin\" allowfullscreen><\/iframe><\/p>\n<p>&nbsp;<\/p>\n<p>&nbsp;<\/p>\n<p>&nbsp;<\/p>\n<p>&nbsp;<\/p>\n","protected":false},"excerpt":{"rendered":"<p>Sociedade Pesquisa | O que o Brasil quer ser Movimento | Being Human Livro | O car\u00e1ter educativo do movimento ind\u00edgena brasileiro (1970-1990) de Daniel Munduruku Tecnologia Artigo | Intelig\u00eancia artificial pode alavancar mudan\u00e7as socioambientais positivas Filantropia e Investimento Social &hellip;<\/p>\n","protected":false},"author":1,"featured_media":0,"parent":0,"menu_order":0,"comment_status":"closed","ping_status":"closed","template":"","meta":{"ngg_post_thumbnail":0},"acf":[],"wps_subtitle":"","_links":{"self":[{"href":"https:\/\/www.idis.org.br\/forum\/wp-json\/wp\/v2\/pages\/14"}],"collection":[{"href":"https:\/\/www.idis.org.br\/forum\/wp-json\/wp\/v2\/pages"}],"about":[{"href":"https:\/\/www.idis.org.br\/forum\/wp-json\/wp\/v2\/types\/page"}],"author":[{"embeddable":true,"href":"https:\/\/www.idis.org.br\/forum\/wp-json\/wp\/v2\/users\/1"}],"replies":[{"embeddable":true,"href":"https:\/\/www.idis.org.br\/forum\/wp-json\/wp\/v2\/comments?post=14"}],"version-history":[{"count":95,"href":"https:\/\/www.idis.org.br\/forum\/wp-json\/wp\/v2\/pages\/14\/revisions"}],"predecessor-version":[{"id":4869,"href":"https:\/\/www.idis.org.br\/forum\/wp-json\/wp\/v2\/pages\/14\/revisions\/4869"}],"wp:attachment":[{"href":"https:\/\/www.idis.org.br\/forum\/wp-json\/wp\/v2\/media?parent=14"}],"curies":[{"name":"wp","href":"https:\/\/api.w.org\/{rel}","templated":true}]}}