{"id":42,"date":"2018-06-03T22:09:08","date_gmt":"2018-06-04T01:09:08","guid":{"rendered":"https:\/\/www.idis.org.br\/forumwp\/?page_id=42"},"modified":"2026-04-15T10:38:46","modified_gmt":"2026-04-15T13:38:46","slug":"informacoes-uteis","status":"publish","type":"page","link":"https:\/\/www.idis.org.br\/forum\/informacoes-uteis\/","title":{"rendered":"Evento presencial"},"content":{"rendered":"<p>O F\u00f3rum acontecer\u00e1 na Casa Melhoramentos (R. Tito, 479 \u2013 Vila Romana, S\u00e3o Paulo \u2013 SP) e a participa\u00e7\u00e3o ser\u00e1 exclusiva para convidados. Os convites s\u00e3o enviados individualmente, por e-mail.<\/p>\n","protected":false},"excerpt":{"rendered":"<p>O F\u00f3rum acontecer\u00e1 na Casa Melhoramentos (R. Tito, 479 \u2013 Vila Romana, S\u00e3o Paulo \u2013 SP) e a participa\u00e7\u00e3o ser\u00e1 exclusiva para convidados. Os convites s\u00e3o enviados individualmente, por e-mail.<\/p>\n","protected":false},"author":1,"featured_media":0,"parent":0,"menu_order":0,"comment_status":"closed","ping_status":"closed","template":"","meta":{"ngg_post_thumbnail":0},"acf":[],"wps_subtitle":"","_links":{"self":[{"href":"https:\/\/www.idis.org.br\/forum\/wp-json\/wp\/v2\/pages\/42"}],"collection":[{"href":"https:\/\/www.idis.org.br\/forum\/wp-json\/wp\/v2\/pages"}],"about":[{"href":"https:\/\/www.idis.org.br\/forum\/wp-json\/wp\/v2\/types\/page"}],"author":[{"embeddable":true,"href":"https:\/\/www.idis.org.br\/forum\/wp-json\/wp\/v2\/users\/1"}],"replies":[{"embeddable":true,"href":"https:\/\/www.idis.org.br\/forum\/wp-json\/wp\/v2\/comments?post=42"}],"version-history":[{"count":19,"href":"https:\/\/www.idis.org.br\/forum\/wp-json\/wp\/v2\/pages\/42\/revisions"}],"predecessor-version":[{"id":4870,"href":"https:\/\/www.idis.org.br\/forum\/wp-json\/wp\/v2\/pages\/42\/revisions\/4870"}],"wp:attachment":[{"href":"https:\/\/www.idis.org.br\/forum\/wp-json\/wp\/v2\/media?parent=42"}],"curies":[{"name":"wp","href":"https:\/\/api.w.org\/{rel}","templated":true}]}}