{"id":73,"date":"2018-06-03T22:31:11","date_gmt":"2018-06-04T01:31:11","guid":{"rendered":"https:\/\/www.idis.org.br\/forumwp\/?page_id=73"},"modified":"2025-04-29T18:24:53","modified_gmt":"2025-04-29T21:24:53","slug":"local-do-evento","status":"publish","type":"page","link":"https:\/\/www.idis.org.br\/forum\/informacoes-uteis\/local-do-evento\/","title":{"rendered":"Local do evento"},"content":{"rendered":"<p>O F\u00f3rum acontecer\u00e1 na Casa Melhoramentos (R. Tito, 479 &#8211; Vila Romana, S\u00e3o Paulo &#8211; SP) e a participa\u00e7\u00e3o ser\u00e1 exclusiva para convidados. Os convites s\u00e3o enviados individualmente, por e-mail.<\/p>\n","protected":false},"excerpt":{"rendered":"<p>O F\u00f3rum acontecer\u00e1 na Casa Melhoramentos (R. Tito, 479 &#8211; Vila Romana, S\u00e3o Paulo &#8211; SP) e a participa\u00e7\u00e3o ser\u00e1 exclusiva para convidados. Os convites s\u00e3o enviados individualmente, por e-mail.<\/p>\n","protected":false},"author":1,"featured_media":0,"parent":42,"menu_order":0,"comment_status":"closed","ping_status":"closed","template":"","meta":{"ngg_post_thumbnail":0},"acf":[],"wps_subtitle":"","_links":{"self":[{"href":"https:\/\/www.idis.org.br\/forum\/wp-json\/wp\/v2\/pages\/73"}],"collection":[{"href":"https:\/\/www.idis.org.br\/forum\/wp-json\/wp\/v2\/pages"}],"about":[{"href":"https:\/\/www.idis.org.br\/forum\/wp-json\/wp\/v2\/types\/page"}],"author":[{"embeddable":true,"href":"https:\/\/www.idis.org.br\/forum\/wp-json\/wp\/v2\/users\/1"}],"replies":[{"embeddable":true,"href":"https:\/\/www.idis.org.br\/forum\/wp-json\/wp\/v2\/comments?post=73"}],"version-history":[{"count":41,"href":"https:\/\/www.idis.org.br\/forum\/wp-json\/wp\/v2\/pages\/73\/revisions"}],"predecessor-version":[{"id":4277,"href":"https:\/\/www.idis.org.br\/forum\/wp-json\/wp\/v2\/pages\/73\/revisions\/4277"}],"up":[{"embeddable":true,"href":"https:\/\/www.idis.org.br\/forum\/wp-json\/wp\/v2\/pages\/42"}],"wp:attachment":[{"href":"https:\/\/www.idis.org.br\/forum\/wp-json\/wp\/v2\/media?parent=73"}],"curies":[{"name":"wp","href":"https:\/\/api.w.org\/{rel}","templated":true}]}}