{"id":77,"date":"2018-06-03T22:32:38","date_gmt":"2018-06-04T01:32:38","guid":{"rendered":"https:\/\/www.idis.org.br\/forumwp\/?page_id=77"},"modified":"2026-04-29T16:47:45","modified_gmt":"2026-04-29T19:47:45","slug":"hospedagem","status":"publish","type":"page","link":"https:\/\/www.idis.org.br\/forum\/informacoes-uteis\/hospedagem\/","title":{"rendered":"Hospedagem"},"content":{"rendered":"<h2><span style=\"color: #339966\">SUGEST\u00d5ES:<\/span><\/h2>\n<h3><span style=\"color: #339966\">IBIS STYLES S\u00c3O PAULO BARRA FUNDA<\/span><\/h3>\n<p>Av. Marqu\u00eas de S\u00e3o Vicente, 1619 &#8211; Barra Funda, S\u00e3o Paulo &#8211; SP, 01139-003<br \/>\nTel.: +55 (11) 3576-5500&nbsp;<br \/>\nAcesse o <a href=\"https:\/\/all.accor.com\/hotel\/8990\/index.pt-br.shtml\" target=\"_blank\" rel=\"noopener\">site<\/a>.&nbsp;<\/p>\n<h3><span style=\"color: #333399\">RIO HOTEL BY BOURBON S\u00c3O PAULO<\/span><\/h3>\n<p>Av. Marqu\u00eas de S\u00e3o Vicente, 77 &#8211; Barra Funda, S\u00e3o Paulo &#8211; SP, 01139-001<br \/>\nTel.: +55 (11) 3393-6000<br \/>\nAcesse o <a href=\"https:\/\/www.bourbon.com.br\/hoteis-e-resorts\/rio-hotel-by-bourbon-sao-paulo\" target=\"_blank\" rel=\"noopener\">site<\/a>.&nbsp;<\/p>\n<h3><span style=\"color: #008000\">HOTEL PANAMBY S\u00c3O PAULO&nbsp;<\/span><\/h3>\n<p><span class=\"sr-only\">Av. Ordem e Progresso, 115 &#8211; Barra Funda, S\u00e3o Paulo &#8211; SP, 01141-030<br \/>\nTel.: +55 (11) 3103-0500<br \/>\n<\/span>Consulte o <a href=\"https:\/\/hotelpanambysaopaulo.com.br\/\" target=\"_blank\" rel=\"noopener\">site<\/a>.<\/p>\n<h3><span style=\"color: #333399\">QUALITY FARIA LIMA<\/span><\/h3>\n<p>R. Diogo Moreira, 247 &#8211; Pinheiros, S\u00e3o Paulo &#8211; SP, 05423-010<br \/>\nTel.: +55 (11) 3035-1322<br \/>\nAcesse o <a href=\"https:\/\/www.letsatlantica.com.br\/hotel\/quality-faria-lima\" target=\"_blank\" rel=\"noopener\">site<\/a>.&nbsp;<\/p>\n<p>&nbsp;<\/p>\n","protected":false},"excerpt":{"rendered":"<p>SUGEST\u00d5ES: IBIS STYLES S\u00c3O PAULO BARRA FUNDA Av. Marqu\u00eas de S\u00e3o Vicente, 1619 &#8211; Barra Funda, S\u00e3o Paulo &#8211; SP, 01139-003 Tel.: +55 (11) 3576-5500&nbsp; Acesse o site.&nbsp; RIO HOTEL BY BOURBON S\u00c3O PAULO Av. Marqu\u00eas de S\u00e3o Vicente, 77 &hellip;<\/p>\n","protected":false},"author":1,"featured_media":0,"parent":42,"menu_order":0,"comment_status":"closed","ping_status":"closed","template":"","meta":{"ngg_post_thumbnail":0},"acf":[],"wps_subtitle":"","_links":{"self":[{"href":"https:\/\/www.idis.org.br\/forum\/wp-json\/wp\/v2\/pages\/77"}],"collection":[{"href":"https:\/\/www.idis.org.br\/forum\/wp-json\/wp\/v2\/pages"}],"about":[{"href":"https:\/\/www.idis.org.br\/forum\/wp-json\/wp\/v2\/types\/page"}],"author":[{"embeddable":true,"href":"https:\/\/www.idis.org.br\/forum\/wp-json\/wp\/v2\/users\/1"}],"replies":[{"embeddable":true,"href":"https:\/\/www.idis.org.br\/forum\/wp-json\/wp\/v2\/comments?post=77"}],"version-history":[{"count":29,"href":"https:\/\/www.idis.org.br\/forum\/wp-json\/wp\/v2\/pages\/77\/revisions"}],"predecessor-version":[{"id":4927,"href":"https:\/\/www.idis.org.br\/forum\/wp-json\/wp\/v2\/pages\/77\/revisions\/4927"}],"up":[{"embeddable":true,"href":"https:\/\/www.idis.org.br\/forum\/wp-json\/wp\/v2\/pages\/42"}],"wp:attachment":[{"href":"https:\/\/www.idis.org.br\/forum\/wp-json\/wp\/v2\/media?parent=77"}],"curies":[{"name":"wp","href":"https:\/\/api.w.org\/{rel}","templated":true}]}}